{"id":584,"date":"2025-06-03T20:25:16","date_gmt":"2025-06-03T20:25:16","guid":{"rendered":"https:\/\/ai-business.ch\/home\/"},"modified":"2025-07-16T08:26:23","modified_gmt":"2025-07-16T08:26:23","slug":"home","status":"publish","type":"page","link":"https:\/\/ai-business.ch\/de\/","title":{"rendered":"Home"},"content":{"rendered":"\n\n\n<div id=\"text-with-button-block_23c60030e560e4d5adace79c00ab417b\" class=\"text-with-button-container text-with-button\">\n    <div class=\"text-with-button-container__wrapper\">\n        <div class=\"text-with-button-container__layer\">\n            <div class=\"text-with-button-container__bg\">\n                <video class=\"text-with-button-container__bg-video\" poster=\"https:\/\/res.cloudinary.com\/dnn1mioio\/images\/f_auto,q_auto\/v10\/ai-business.ch\/wp-content\/themes\/ai_business\/blocks\/text-with-button\/image\/text-with-button-bg\/text-with-button-bg.png?_i=AA\"\n                    src=\"https:\/\/ai-business.ch\/wp-content\/themes\/ai_business\/blocks\/text-with-button\/video\/mesh.mp4\"\n                    autoplay loop muted playsinline><\/video>\n            <\/div>\n        <\/div>\n        <div class=\"text-with-button-container__content\">\n            <div class=\"text-with-button-container__content-text\">\n                                    <h2 class=\"title\">LASSEN SIE UNS REDEN<\/h2>\n                \n                                    <div class=\"description\">\n                        <p>Haben Sie Fragen oder m\u00f6chten Sie KI-L\u00f6sungen f\u00fcr Ihr Unternehmen erkunden?<br \/>\nUnser Team hilft Ihnen gerne dabei, Ideen in intelligente Systeme zu verwandeln. Lassen Sie uns ein Gespr\u00e4ch beginnen.<\/p>\n                    <\/div>\n                            <\/div>\n\n                            <div class=\"button-container\">\n                    \t\t<a href=\"https:\/\/ai-business.ch\/de\/kontakt\/\" class=\"button-animated group  block !no-underline !text-white\">\n\t\t\t<span class=\"button-animated__container\">\n\t\t\t\t<span class=\"button-content \">\n\t\t\t\t\t<span class=\"\">Kontakt<\/span>\n\t\t\t\t\t\t\t\t\t<\/span>\n\t\t\t<\/span>\n\t\t<\/a>\n                <\/div>\n                    <\/div>\n    <\/div>\n<\/div>\n\n\n<div id=\"latest-blogs-block_2f60faa4e0bb3870926e84e28f1dfa30\"\n    class=\"bg-dark-blue text-white related-posts latest-blogs\">\n    <div\n        class=\"max-w-[75.625rem] mx-auto px-6 flex flex-col text-white gap-8 lg:gap-y-20 py-[3.75rem] lg:py-[7.5rem] lg:px-4 xl:px-0\">\n\n        <div class=\"col gap-y-6 items-center\">\n                            <h2 class=\"!m-0 font-display uppercase font-bold !text-m-h4 md:!text-d-h4\">BLOG                <\/h2>\n            \n                            <div class=\"text-m-b3 md:text-d-b3 text-center\">\n                    <p>Bleiben Sie mit den neuesten Brancheninformationen auf dem Laufenden<\/p>\n\n                <\/div>\n                    <\/div>\n\n                    <div class=\"grid grid-cols-1 md:grid-cols-2 lg:grid-cols-3 gap-8\">\n                                    <div class=\"post-card group\" data-animation-delay=\"0\">\n                        <a href=\"https:\/\/ai-business.ch\/de\/blog\/wie-ki-den-klimawandel-bekampfen-kann\/\" class=\"contents\">\n                                                            <div class=\"post-thumbnail-figure overflow-hidden\">\n                                    <img width=\"346\" height=\"250\" decoding=\"async\" src=\"data:image\/svg+xml;base64,PHN2ZyB4bWxucz0iaHR0cDovL3d3dy53My5vcmcvMjAwMC9zdmciIHdpZHRoPSIzNDYiIGhlaWdodD0iMjUwIj48cmVjdCB3aWR0aD0iMTAwJSIgaGVpZ2h0PSIxMDAlIj48YW5pbWF0ZSBhdHRyaWJ1dGVOYW1lPSJmaWxsIiB2YWx1ZXM9InJnYmEoMTUzLDE1MywxNTMsMC41KTtyZ2JhKDE1MywxNTMsMTUzLDAuMSk7cmdiYSgxNTMsMTUzLDE1MywwLjUpIiBkdXI9IjJzIiByZXBlYXRDb3VudD0iaW5kZWZpbml0ZSIgLz48L3JlY3Q+PC9zdmc+\" alt=\"Wie KI den Klimawandel Bek\u00e4mpfen Kann\" title=\"Wie KI den Klimawandel Bek\u00e4mpfen Kann\" loading=\"lazy\" class=\"post-thumbnail group-hover:scale-105 wp-image-505\" data-public-id=\"blog_505ff1fa\/blog_505ff1fa.webp\" data-format=\"webp\" data-transformations=\"f_auto,q_auto\" data-version=\"1752759925\" data-seo=\"1\" data-responsive=\"1\" data-size=\"346 250\" data-srcset=\"https:\/\/res.cloudinary.com\/dnn1mioio\/images\/w_346,h_250,c_scale\/f_auto,q_auto\/v1752759925\/blog_505ff1fa\/blog_505ff1fa.webp?_i=AA 346w, https:\/\/res.cloudinary.com\/dnn1mioio\/images\/w_248,h_179,c_scale\/f_auto,q_auto\/v1752759925\/blog_505ff1fa\/blog_505ff1fa.webp?_i=AA 248w\" data-sizes=\"(max-width: 346px) 100vw, 346px\" data-delivery=\"upload\" onload=\";window.CLDBind?CLDBind(this):null;\" data-cloudinary=\"lazy\" \/>\n                                <\/div>\n                            \n                            <div class=\"post-card-content\">\n                                <div class=\"post-card-wrapper\">\n                                    <div class=\"post-meta\">\n                                        <span class=\"post-date-container\">\n                                            <svg width=\"24\" height=\"24\" viewBox=\"0 0 24 24\" fill=\"none\"\n                                                xmlns=\"http:\/\/www.w3.org\/2000\/svg\">\n                                                <path\n                                                    d=\"M15 4V2M15 4V6M15 4H10.5M3 10V19C3 20.1046 3.89543 21 5 21H19C20.1046 21 21 20.1046 21 19V10H3Z\"\n                                                    stroke=\"white\" stroke-width=\"1.5\" stroke-linecap=\"round\"\n                                                    stroke-linejoin=\"round\" \/>\n                                                <path d=\"M3 10V6C3 4.89543 3.89543 4 5 4H7\" stroke=\"white\" stroke-width=\"1.5\"\n                                                    stroke-linecap=\"round\" stroke-linejoin=\"round\" \/>\n                                                <path d=\"M7 2V6\" stroke=\"white\" stroke-width=\"1.5\" stroke-linecap=\"round\"\n                                                    stroke-linejoin=\"round\" \/>\n                                                <path d=\"M21 10V6C21 4.89543 20.1046 4 19 4H18.5\" stroke=\"white\"\n                                                    stroke-width=\"1.5\" stroke-linecap=\"round\" stroke-linejoin=\"round\" \/>\n                                            <\/svg>\n                                            25 Mai 2025                                        <\/span>\n                                        <span class=\"post-reading-time-container\">\n                                            <svg width=\"24\" height=\"24\" viewBox=\"0 0 24 24\" fill=\"none\"\n                                                xmlns=\"http:\/\/www.w3.org\/2000\/svg\">\n                                                <path d=\"M9 2H15\" stroke=\"white\" stroke-width=\"1.5\" stroke-linecap=\"round\"\n                                                    stroke-linejoin=\"round\" \/>\n                                                <path d=\"M12 10V14\" stroke=\"white\" stroke-width=\"1.5\" stroke-linecap=\"round\"\n                                                    stroke-linejoin=\"round\" \/>\n                                                <path\n                                                    d=\"M12 22C16.4183 22 20 18.4183 20 14C20 9.58172 16.4183 6 12 6C7.58172 6 4 9.58172 4 14C4 18.4183 7.58172 22 12 22Z\"\n                                                    stroke=\"white\" stroke-width=\"1.5\" stroke-linecap=\"round\"\n                                                    stroke-linejoin=\"round\" \/>\n                                            <\/svg>\n                                            4 min                                        <\/span>\n                                    <\/div>\n\n                                    <div class=\"post-title-and-excerpt\">\n                                        <div class=\"flex flex-col gap-10px lg:gap-5\">\n                                            <h3 class=\"post-title\">Wie KI den Klimawandel Bek\u00e4mpfen Kann<\/h3>\n                                            <div class=\"description-documents-wrapper post-excerpt\">\n                                                Die Dateninfrastruktur tr\u00e4gt erheblich zum Klimawandel bei, k\u00f6nnte aber auch die L\u00f6sungen bieten, die wir ben\u00f6tigen, um diese Krise zu&#8230;                                            <\/div>\n                                        <\/div>\n                                    <\/div>\n                                <\/div>\n                                \t\t<a href=\"https:\/\/ai-business.ch\/de\/blog\/wie-ki-den-klimawandel-bekampfen-kann\/\" class=\"button-animated group with-arrow-animated group-hover:!w-full !no-underline !text-white md:mt-auto\">\n\t\t\t<span class=\"button-animated__container\">\n\t\t\t\t<span class=\"button-content lg:!p-[14px] group-hover:lg:!py-[14px]\">\n\t\t\t\t\t<span class=\"label-btn\">MEHR LESEN<\/span>\n\t\t\t\t\t\t\t\t\t\t\t<svg class=\"arrow-animated group-hover:rotate-0\" width=\"24\" height=\"24\" viewBox=\"0 0 24 24\" fill=\"none\" xmlns=\"http:\/\/www.w3.org\/2000\/svg\">\n\t\t\t\t\t\t\t<path d=\"M4.00001 12.0004C4.00001 11.7171 4.09601 11.4797 4.28801 11.2884C4.47935 11.0964 4.71668 11.0004 5.00001 11.0004L16.175 11.0004L11.3 6.12539C11.1 5.92539 11 5.68772 11 5.41239C11 5.13772 11.1 4.90039 11.3 4.70039C11.5 4.50039 11.7333 4.40039 12 4.40039C12.2667 4.40039 12.5 4.50039 12.7 4.70039L19.3 11.3004C19.4 11.4004 19.471 11.5087 19.513 11.6254C19.5543 11.7421 19.575 11.8671 19.575 12.0004C19.575 12.1337 19.5543 12.2631 19.513 12.3884C19.471 12.5131 19.4 12.6171 19.3 12.7004L12.7 19.3004C12.5 19.5004 12.2667 19.6004 12 19.6004C11.7333 19.6004 11.5 19.5004 11.3 19.3004C11.1 19.1004 11 18.8627 11 18.5874C11 18.3127 11.1 18.0754 11.3 17.8754L16.175 13.0004L5.00001 13.0004C4.71668 13.0004 4.47935 12.9047 4.28801 12.7134C4.09601 12.5214 4.00001 12.2837 4.00001 12.0004Z\" fill=\"white\" \/>\n\t\t\t\t\t\t<\/svg>\n\t\t\t\t\t\t\t\t\t<\/span>\n\t\t\t<\/span>\n\t\t<\/a>\n                            <\/div>\n                        <\/a>\n                    <\/div>\n                                    <div class=\"post-card group\" data-animation-delay=\"0.2\">\n                        <a href=\"https:\/\/ai-business.ch\/de\/blog\/sind-ki-pcs-im-arbeitsumfeld-nuetzlich-eine-expertenanalyse\/\" class=\"contents\">\n                                                            <div class=\"post-thumbnail-figure overflow-hidden\">\n                                    <img width=\"346\" height=\"250\" decoding=\"async\" src=\"data:image\/svg+xml;base64,PHN2ZyB4bWxucz0iaHR0cDovL3d3dy53My5vcmcvMjAwMC9zdmciIHdpZHRoPSIzNDYiIGhlaWdodD0iMjUwIj48cmVjdCB3aWR0aD0iMTAwJSIgaGVpZ2h0PSIxMDAlIj48YW5pbWF0ZSBhdHRyaWJ1dGVOYW1lPSJmaWxsIiB2YWx1ZXM9InJnYmEoMTUzLDE1MywxNTMsMC41KTtyZ2JhKDE1MywxNTMsMTUzLDAuMSk7cmdiYSgxNTMsMTUzLDE1MywwLjUpIiBkdXI9IjJzIiByZXBlYXRDb3VudD0iaW5kZWZpbml0ZSIgLz48L3JlY3Q+PC9zdmc+\" alt=\"Sind KI-PCs im Arbeitsumfeld n\u00fctzlich? Eine Expertenanalyse\" title=\"Sind KI-PCs im Arbeitsumfeld n\u00fctzlich? Eine Expertenanalyse\" loading=\"lazy\" class=\"post-thumbnail group-hover:scale-105 wp-image-504\" data-public-id=\"fintech_320d78b1_504f6bc7\/fintech_320d78b1_504f6bc7.webp\" data-format=\"webp\" data-transformations=\"f_auto,q_auto\" data-version=\"1752759930\" data-seo=\"1\" data-responsive=\"1\" data-size=\"346 250\" data-srcset=\"https:\/\/res.cloudinary.com\/dnn1mioio\/images\/w_346,h_250,c_scale\/f_auto,q_auto\/v1752759930\/fintech_320d78b1_504f6bc7\/fintech_320d78b1_504f6bc7.webp?_i=AA 346w, https:\/\/res.cloudinary.com\/dnn1mioio\/images\/w_248,h_179,c_scale\/f_auto,q_auto\/v1752759930\/fintech_320d78b1_504f6bc7\/fintech_320d78b1_504f6bc7.webp?_i=AA 248w\" data-sizes=\"(max-width: 346px) 100vw, 346px\" data-delivery=\"upload\" onload=\";window.CLDBind?CLDBind(this):null;\" data-cloudinary=\"lazy\" \/>\n                                <\/div>\n                            \n                            <div class=\"post-card-content\">\n                                <div class=\"post-card-wrapper\">\n                                    <div class=\"post-meta\">\n                                        <span class=\"post-date-container\">\n                                            <svg width=\"24\" height=\"24\" viewBox=\"0 0 24 24\" fill=\"none\"\n                                                xmlns=\"http:\/\/www.w3.org\/2000\/svg\">\n                                                <path\n                                                    d=\"M15 4V2M15 4V6M15 4H10.5M3 10V19C3 20.1046 3.89543 21 5 21H19C20.1046 21 21 20.1046 21 19V10H3Z\"\n                                                    stroke=\"white\" stroke-width=\"1.5\" stroke-linecap=\"round\"\n                                                    stroke-linejoin=\"round\" \/>\n                                                <path d=\"M3 10V6C3 4.89543 3.89543 4 5 4H7\" stroke=\"white\" stroke-width=\"1.5\"\n                                                    stroke-linecap=\"round\" stroke-linejoin=\"round\" \/>\n                                                <path d=\"M7 2V6\" stroke=\"white\" stroke-width=\"1.5\" stroke-linecap=\"round\"\n                                                    stroke-linejoin=\"round\" \/>\n                                                <path d=\"M21 10V6C21 4.89543 20.1046 4 19 4H18.5\" stroke=\"white\"\n                                                    stroke-width=\"1.5\" stroke-linecap=\"round\" stroke-linejoin=\"round\" \/>\n                                            <\/svg>\n                                            04 Dezember 2024                                        <\/span>\n                                        <span class=\"post-reading-time-container\">\n                                            <svg width=\"24\" height=\"24\" viewBox=\"0 0 24 24\" fill=\"none\"\n                                                xmlns=\"http:\/\/www.w3.org\/2000\/svg\">\n                                                <path d=\"M9 2H15\" stroke=\"white\" stroke-width=\"1.5\" stroke-linecap=\"round\"\n                                                    stroke-linejoin=\"round\" \/>\n                                                <path d=\"M12 10V14\" stroke=\"white\" stroke-width=\"1.5\" stroke-linecap=\"round\"\n                                                    stroke-linejoin=\"round\" \/>\n                                                <path\n                                                    d=\"M12 22C16.4183 22 20 18.4183 20 14C20 9.58172 16.4183 6 12 6C7.58172 6 4 9.58172 4 14C4 18.4183 7.58172 22 12 22Z\"\n                                                    stroke=\"white\" stroke-width=\"1.5\" stroke-linecap=\"round\"\n                                                    stroke-linejoin=\"round\" \/>\n                                            <\/svg>\n                                            4 min                                        <\/span>\n                                    <\/div>\n\n                                    <div class=\"post-title-and-excerpt\">\n                                        <div class=\"flex flex-col gap-10px lg:gap-5\">\n                                            <h3 class=\"post-title\">Sind KI-PCs im Arbeitsumfeld n\u00fctzlich? Eine Expertenanalyse<\/h3>\n                                            <div class=\"description-documents-wrapper post-excerpt\">\n                                                K\u00fcnstliche Intelligenz in Personal Computern \u2013 oft als KI-PCs bezeichnet \u2013 steht bereit, die Art und Weise, wie wir arbeiten,&#8230;                                            <\/div>\n                                        <\/div>\n                                    <\/div>\n                                <\/div>\n                                \t\t<a href=\"https:\/\/ai-business.ch\/de\/blog\/sind-ki-pcs-im-arbeitsumfeld-nuetzlich-eine-expertenanalyse\/\" class=\"button-animated group with-arrow-animated group-hover:!w-full !no-underline !text-white md:mt-auto\">\n\t\t\t<span class=\"button-animated__container\">\n\t\t\t\t<span class=\"button-content lg:!p-[14px] group-hover:lg:!py-[14px]\">\n\t\t\t\t\t<span class=\"label-btn\">MEHR LESEN<\/span>\n\t\t\t\t\t\t\t\t\t\t\t<svg class=\"arrow-animated group-hover:rotate-0\" width=\"24\" height=\"24\" viewBox=\"0 0 24 24\" fill=\"none\" xmlns=\"http:\/\/www.w3.org\/2000\/svg\">\n\t\t\t\t\t\t\t<path d=\"M4.00001 12.0004C4.00001 11.7171 4.09601 11.4797 4.28801 11.2884C4.47935 11.0964 4.71668 11.0004 5.00001 11.0004L16.175 11.0004L11.3 6.12539C11.1 5.92539 11 5.68772 11 5.41239C11 5.13772 11.1 4.90039 11.3 4.70039C11.5 4.50039 11.7333 4.40039 12 4.40039C12.2667 4.40039 12.5 4.50039 12.7 4.70039L19.3 11.3004C19.4 11.4004 19.471 11.5087 19.513 11.6254C19.5543 11.7421 19.575 11.8671 19.575 12.0004C19.575 12.1337 19.5543 12.2631 19.513 12.3884C19.471 12.5131 19.4 12.6171 19.3 12.7004L12.7 19.3004C12.5 19.5004 12.2667 19.6004 12 19.6004C11.7333 19.6004 11.5 19.5004 11.3 19.3004C11.1 19.1004 11 18.8627 11 18.5874C11 18.3127 11.1 18.0754 11.3 17.8754L16.175 13.0004L5.00001 13.0004C4.71668 13.0004 4.47935 12.9047 4.28801 12.7134C4.09601 12.5214 4.00001 12.2837 4.00001 12.0004Z\" fill=\"white\" \/>\n\t\t\t\t\t\t<\/svg>\n\t\t\t\t\t\t\t\t\t<\/span>\n\t\t\t<\/span>\n\t\t<\/a>\n                            <\/div>\n                        <\/a>\n                    <\/div>\n                                    <div class=\"post-card group\" data-animation-delay=\"0.4\">\n                        <a href=\"https:\/\/ai-business.ch\/de\/blog\/die-5-bedeutendsten-ki-fortschritte-im-gesundheitswesen\/\" class=\"contents\">\n                                                            <div class=\"post-thumbnail-figure overflow-hidden\">\n                                    <img width=\"346\" height=\"250\" decoding=\"async\" src=\"data:image\/svg+xml;base64,PHN2ZyB4bWxucz0iaHR0cDovL3d3dy53My5vcmcvMjAwMC9zdmciIHdpZHRoPSIzNDYiIGhlaWdodD0iMjUwIj48cmVjdCB3aWR0aD0iMTAwJSIgaGVpZ2h0PSIxMDAlIj48YW5pbWF0ZSBhdHRyaWJ1dGVOYW1lPSJmaWxsIiB2YWx1ZXM9InJnYmEoMTUzLDE1MywxNTMsMC41KTtyZ2JhKDE1MywxNTMsMTUzLDAuMSk7cmdiYSgxNTMsMTUzLDE1MywwLjUpIiBkdXI9IjJzIiByZXBlYXRDb3VudD0iaW5kZWZpbml0ZSIgLz48L3JlY3Q+PC9zdmc+\" alt=\"Die 5 bedeutendsten KI-Fortschritte im Gesundheitswesen\" title=\"Die 5 bedeutendsten KI-Fortschritte im Gesundheitswesen\" loading=\"lazy\" class=\"post-thumbnail group-hover:scale-105 wp-image-513\" data-public-id=\"shutterstock_2381539819-1_5132ba90\/shutterstock_2381539819-1_5132ba90.webp\" data-format=\"webp\" data-transformations=\"f_auto,q_auto\" data-version=\"1752678089\" data-seo=\"1\" data-responsive=\"1\" data-size=\"346 250\" data-srcset=\"https:\/\/res.cloudinary.com\/dnn1mioio\/images\/w_346,h_250,c_scale\/f_auto,q_auto\/v1752678089\/shutterstock_2381539819-1_5132ba90\/shutterstock_2381539819-1_5132ba90.webp?_i=AA 346w, https:\/\/res.cloudinary.com\/dnn1mioio\/images\/w_248,h_179,c_scale\/f_auto,q_auto\/v1752678089\/shutterstock_2381539819-1_5132ba90\/shutterstock_2381539819-1_5132ba90.webp?_i=AA 248w\" data-sizes=\"(max-width: 346px) 100vw, 346px\" data-delivery=\"upload\" onload=\";window.CLDBind?CLDBind(this):null;\" data-cloudinary=\"lazy\" \/>\n                                <\/div>\n                            \n                            <div class=\"post-card-content\">\n                                <div class=\"post-card-wrapper\">\n                                    <div class=\"post-meta\">\n                                        <span class=\"post-date-container\">\n                                            <svg width=\"24\" height=\"24\" viewBox=\"0 0 24 24\" fill=\"none\"\n                                                xmlns=\"http:\/\/www.w3.org\/2000\/svg\">\n                                                <path\n                                                    d=\"M15 4V2M15 4V6M15 4H10.5M3 10V19C3 20.1046 3.89543 21 5 21H19C20.1046 21 21 20.1046 21 19V10H3Z\"\n                                                    stroke=\"white\" stroke-width=\"1.5\" stroke-linecap=\"round\"\n                                                    stroke-linejoin=\"round\" \/>\n                                                <path d=\"M3 10V6C3 4.89543 3.89543 4 5 4H7\" stroke=\"white\" stroke-width=\"1.5\"\n                                                    stroke-linecap=\"round\" stroke-linejoin=\"round\" \/>\n                                                <path d=\"M7 2V6\" stroke=\"white\" stroke-width=\"1.5\" stroke-linecap=\"round\"\n                                                    stroke-linejoin=\"round\" \/>\n                                                <path d=\"M21 10V6C21 4.89543 20.1046 4 19 4H18.5\" stroke=\"white\"\n                                                    stroke-width=\"1.5\" stroke-linecap=\"round\" stroke-linejoin=\"round\" \/>\n                                            <\/svg>\n                                            01 November 2024                                        <\/span>\n                                        <span class=\"post-reading-time-container\">\n                                            <svg width=\"24\" height=\"24\" viewBox=\"0 0 24 24\" fill=\"none\"\n                                                xmlns=\"http:\/\/www.w3.org\/2000\/svg\">\n                                                <path d=\"M9 2H15\" stroke=\"white\" stroke-width=\"1.5\" stroke-linecap=\"round\"\n                                                    stroke-linejoin=\"round\" \/>\n                                                <path d=\"M12 10V14\" stroke=\"white\" stroke-width=\"1.5\" stroke-linecap=\"round\"\n                                                    stroke-linejoin=\"round\" \/>\n                                                <path\n                                                    d=\"M12 22C16.4183 22 20 18.4183 20 14C20 9.58172 16.4183 6 12 6C7.58172 6 4 9.58172 4 14C4 18.4183 7.58172 22 12 22Z\"\n                                                    stroke=\"white\" stroke-width=\"1.5\" stroke-linecap=\"round\"\n                                                    stroke-linejoin=\"round\" \/>\n                                            <\/svg>\n                                            4 min                                        <\/span>\n                                    <\/div>\n\n                                    <div class=\"post-title-and-excerpt\">\n                                        <div class=\"flex flex-col gap-10px lg:gap-5\">\n                                            <h3 class=\"post-title\">Die 5 bedeutendsten KI-Fortschritte im Gesundheitswesen<\/h3>\n                                            <div class=\"description-documents-wrapper post-excerpt\">\n                                                K\u00fcnstliche Intelligenz (KI) beschleunigt die Fortschritte in der Medizintechnologie und f\u00fchrt zu bahnbrechenden Entwicklungen, die die Gesundheitsbranche transformieren. In diesem&#8230;                                            <\/div>\n                                        <\/div>\n                                    <\/div>\n                                <\/div>\n                                \t\t<a href=\"https:\/\/ai-business.ch\/de\/blog\/die-5-bedeutendsten-ki-fortschritte-im-gesundheitswesen\/\" class=\"button-animated group with-arrow-animated group-hover:!w-full !no-underline !text-white md:mt-auto\">\n\t\t\t<span class=\"button-animated__container\">\n\t\t\t\t<span class=\"button-content lg:!p-[14px] group-hover:lg:!py-[14px]\">\n\t\t\t\t\t<span class=\"label-btn\">MEHR LESEN<\/span>\n\t\t\t\t\t\t\t\t\t\t\t<svg class=\"arrow-animated group-hover:rotate-0\" width=\"24\" height=\"24\" viewBox=\"0 0 24 24\" fill=\"none\" xmlns=\"http:\/\/www.w3.org\/2000\/svg\">\n\t\t\t\t\t\t\t<path d=\"M4.00001 12.0004C4.00001 11.7171 4.09601 11.4797 4.28801 11.2884C4.47935 11.0964 4.71668 11.0004 5.00001 11.0004L16.175 11.0004L11.3 6.12539C11.1 5.92539 11 5.68772 11 5.41239C11 5.13772 11.1 4.90039 11.3 4.70039C11.5 4.50039 11.7333 4.40039 12 4.40039C12.2667 4.40039 12.5 4.50039 12.7 4.70039L19.3 11.3004C19.4 11.4004 19.471 11.5087 19.513 11.6254C19.5543 11.7421 19.575 11.8671 19.575 12.0004C19.575 12.1337 19.5543 12.2631 19.513 12.3884C19.471 12.5131 19.4 12.6171 19.3 12.7004L12.7 19.3004C12.5 19.5004 12.2667 19.6004 12 19.6004C11.7333 19.6004 11.5 19.5004 11.3 19.3004C11.1 19.1004 11 18.8627 11 18.5874C11 18.3127 11.1 18.0754 11.3 17.8754L16.175 13.0004L5.00001 13.0004C4.71668 13.0004 4.47935 12.9047 4.28801 12.7134C4.09601 12.5214 4.00001 12.2837 4.00001 12.0004Z\" fill=\"white\" \/>\n\t\t\t\t\t\t<\/svg>\n\t\t\t\t\t\t\t\t\t<\/span>\n\t\t\t<\/span>\n\t\t<\/a>\n                            <\/div>\n                        <\/a>\n                    <\/div>\n                            <\/div>\n            <\/div>\n<\/div>","protected":false},"excerpt":{"rendered":"","protected":false},"author":2,"featured_media":0,"parent":0,"menu_order":0,"comment_status":"closed","ping_status":"closed","template":"","meta":{"_acf_changed":false,"_cloudinary_featured_overwrite":false,"footnotes":""},"class_list":["post-584","page","type-page","status-publish","hentry"],"acf":[],"_links":{"self":[{"href":"https:\/\/ai-business.ch\/de\/wp-json\/wp\/v2\/pages\/584","targetHints":{"allow":["GET"]}}],"collection":[{"href":"https:\/\/ai-business.ch\/de\/wp-json\/wp\/v2\/pages"}],"about":[{"href":"https:\/\/ai-business.ch\/de\/wp-json\/wp\/v2\/types\/page"}],"author":[{"embeddable":true,"href":"https:\/\/ai-business.ch\/de\/wp-json\/wp\/v2\/users\/2"}],"replies":[{"embeddable":true,"href":"https:\/\/ai-business.ch\/de\/wp-json\/wp\/v2\/comments?post=584"}],"version-history":[{"count":1,"href":"https:\/\/ai-business.ch\/de\/wp-json\/wp\/v2\/pages\/584\/revisions"}],"predecessor-version":[{"id":908,"href":"https:\/\/ai-business.ch\/de\/wp-json\/wp\/v2\/pages\/584\/revisions\/908"}],"wp:attachment":[{"href":"https:\/\/ai-business.ch\/de\/wp-json\/wp\/v2\/media?parent=584"}],"curies":[{"name":"wp","href":"https:\/\/api.w.org\/{rel}","templated":true}]}}